{"id":11,"date":"2014-01-27T08:32:42","date_gmt":"2014-01-27T08:32:42","guid":{"rendered":"http:\/\/stimulastik.dk\/wordpress\/?page_id=11"},"modified":"2014-01-28T12:40:32","modified_gmt":"2014-01-28T12:40:32","slug":"sponsorer","status":"publish","type":"page","link":"https:\/\/stimulastik.dk\/?page_id=11","title":{"rendered":"Sponsorer"},"content":{"rendered":"<p>Legeakademiet<br \/>\nLeg &#8211; L\u00e6ring &#8211; Udvikling &#8211; Samv\u00e6r<br \/>\nBes\u00f8g\u00a0<a href=\"http:\/\/www.legeakademiet.dk\/\" target=\"_blank\">www.legeakademiet.dk\u00a0<\/a><\/p>\n<p><a href=\"http:\/\/stimulastik.dk\/wp-content\/uploads\/2014\/01\/banner_legeakadami1.jpg\"><img loading=\"lazy\" class=\"alignnone size-full wp-image-58\" alt=\"banner_legeakadami(1)\" src=\"http:\/\/stimulastik.dk\/wp-content\/uploads\/2014\/01\/banner_legeakadami1.jpg\" width=\"400\" height=\"94\" srcset=\"https:\/\/stimulastik.dk\/wp-content\/uploads\/2014\/01\/banner_legeakadami1.jpg 400w, https:\/\/stimulastik.dk\/wp-content\/uploads\/2014\/01\/banner_legeakadami1-300x70.jpg 300w\" sizes=\"(max-width: 400px) 100vw, 400px\" \/><\/a><\/p>\n<hr \/>\n<p>Legebutikken<br \/>\nBes\u00f8g <a href=\"http:\/\/www.legebutikken.dk\">www.legebutikken.dk<\/a><\/p>\n<p><a href=\"http:\/\/stimulastik.dk\/wp-content\/uploads\/2014\/01\/banner_legebutikken_large1.jpg\"><img loading=\"lazy\" class=\"alignnone size-full wp-image-62\" alt=\"banner_legebutikken_large(1)\" src=\"http:\/\/stimulastik.dk\/wp-content\/uploads\/2014\/01\/banner_legebutikken_large1.jpg\" width=\"400\" height=\"100\" srcset=\"https:\/\/stimulastik.dk\/wp-content\/uploads\/2014\/01\/banner_legebutikken_large1.jpg 400w, https:\/\/stimulastik.dk\/wp-content\/uploads\/2014\/01\/banner_legebutikken_large1-300x75.jpg 300w\" sizes=\"(max-width: 400px) 100vw, 400px\" \/><\/a><\/p>\n<hr \/>\n<p>Net Mamma<br \/>\nBes\u00f8g\u00a0<a href=\"http:\/\/www.netmama.dk\/\" target=\"_blank\">www.netmamma.dk\u00a0<\/a><\/p>\n<p><a href=\"http:\/\/stimulastik.dk\/wp-content\/uploads\/2014\/01\/banner_netmamma1.jpg\"><img loading=\"lazy\" class=\"alignnone size-full wp-image-63\" alt=\"banner_netmamma(1)\" src=\"http:\/\/stimulastik.dk\/wp-content\/uploads\/2014\/01\/banner_netmamma1.jpg\" width=\"400\" height=\"100\" srcset=\"https:\/\/stimulastik.dk\/wp-content\/uploads\/2014\/01\/banner_netmamma1.jpg 400w, https:\/\/stimulastik.dk\/wp-content\/uploads\/2014\/01\/banner_netmamma1-300x75.jpg 300w\" sizes=\"(max-width: 400px) 100vw, 400px\" \/><\/a><\/p>\n<hr \/>\n<p>Ergoterapeutforeningen<br \/>\nBes\u00f8g\u00a0<a href=\"http:\/\/www.etf.dk\/\" target=\"_blank\">www.etf.dk<\/a><\/p>\n<p><a href=\"http:\/\/stimulastik.dk\/wp-content\/uploads\/2014\/01\/logo1.gif\"><img loading=\"lazy\" class=\"alignnone size-full wp-image-64\" alt=\"logo[1]\" src=\"http:\/\/stimulastik.dk\/wp-content\/uploads\/2014\/01\/logo1.gif\" width=\"279\" height=\"66\" \/><\/a><\/p>\n","protected":false},"excerpt":{"rendered":"<p>Legeakademiet Leg &#8211; L\u00e6ring &#8211; Udvikling &#8211; Samv\u00e6r Bes\u00f8g\u00a0www.legeakademiet.dk\u00a0 Legebutikken Bes\u00f8g www.legebutikken.dk Net Mamma Bes\u00f8g\u00a0www.netmamma.dk\u00a0 Ergoterapeutforeningen Bes\u00f8g\u00a0www.etf.dk<\/p>\n","protected":false},"author":2,"featured_media":0,"parent":0,"menu_order":0,"comment_status":"closed","ping_status":"closed","template":"","meta":{"_expiration-date-status":"","_expiration-date":0,"_expiration-date-type":"","_expiration-date-categories":[],"_expiration-date-options":[]},"acf":[],"_links":{"self":[{"href":"https:\/\/stimulastik.dk\/index.php?rest_route=\/wp\/v2\/pages\/11"}],"collection":[{"href":"https:\/\/stimulastik.dk\/index.php?rest_route=\/wp\/v2\/pages"}],"about":[{"href":"https:\/\/stimulastik.dk\/index.php?rest_route=\/wp\/v2\/types\/page"}],"author":[{"embeddable":true,"href":"https:\/\/stimulastik.dk\/index.php?rest_route=\/wp\/v2\/users\/2"}],"replies":[{"embeddable":true,"href":"https:\/\/stimulastik.dk\/index.php?rest_route=%2Fwp%2Fv2%2Fcomments&post=11"}],"version-history":[{"count":8,"href":"https:\/\/stimulastik.dk\/index.php?rest_route=\/wp\/v2\/pages\/11\/revisions"}],"predecessor-version":[{"id":73,"href":"https:\/\/stimulastik.dk\/index.php?rest_route=\/wp\/v2\/pages\/11\/revisions\/73"}],"wp:attachment":[{"href":"https:\/\/stimulastik.dk\/index.php?rest_route=%2Fwp%2Fv2%2Fmedia&parent=11"}],"curies":[{"name":"wp","href":"https:\/\/api.w.org\/{rel}","templated":true}]}}