{"id":13,"date":"2014-01-27T08:32:57","date_gmt":"2014-01-27T08:32:57","guid":{"rendered":"http:\/\/stimulastik.dk\/wordpress\/?page_id=13"},"modified":"2020-05-01T11:14:31","modified_gmt":"2020-05-01T11:14:31","slug":"kontakt","status":"publish","type":"page","link":"https:\/\/stimulastik.dk\/?page_id=13","title":{"rendered":"Kontakt"},"content":{"rendered":"<p><strong>Formand:<\/strong> Solvej Darr\u00e9<br \/>\n<a href=\"mailto:solvej@stimulastik.com\" target=\"_blank\" rel=\"noopener\">solvej@stimulastik.com<\/a><br \/>\n<a href=\"http:\/\/www.stimulastik.com\" target=\"_blank\" rel=\"noopener\">www.stimulastik.com<\/a><\/p>\n<p><strong>Kasserer:<\/strong> Natasha Aabjerg Andersson<br \/>\n<a href=\"mailto:natasha_aa_k@hotmail.com\">natasha_aa_k@hotmail.com<\/a><\/p>\n<p><strong>Sekret\u00e6r: <\/strong><\/p>\n<p><strong>Bestyrelsesmedlem:\u00a0<\/strong>Julie Wolf Broge<br \/>\n<a href=\"mailto:julie@stimulastik.dk \" target=\"_blank\" rel=\"noopener\">julie@stimulastik.dk <\/a><br \/>\n<a href=\"http:\/\/www.sense-of-play.dk\" target=\"_blank\" rel=\"noopener\">www.sense-of-play.dk<\/a><\/p>\n<p><strong>Bestyrelsesmedlem<\/strong>: Sara Jils\u00f8 (Gr\u00f8nland)<br \/>\n<a href=\"mailto:sara@ergoterapeut.gl\" target=\"_blank\" rel=\"noopener\">sara@ergoterapeut.gl<\/a><\/p>\n<p><strong>Bestyrelsesmedlem: <\/strong>Lotte Sabina Greve-Thomsen<br \/>\n<a href=\"mailto:lottesabina@hotmail.com\" target=\"_blank\" rel=\"noopener\">lottesabina@hotmail.com<\/a><\/p>\n<p><strong>Suppleant:<\/strong> Ditte Kruse<br \/>\n<a href=\"mailto:ditte@stimulastik.dk\" target=\"_blank\" rel=\"noopener\">ditte@stimulastik.dk<\/a><\/p>\n<p><strong>2. Suppleant: <\/strong>Hafd\u00eds Sigr\u00ed\u00f0ur Sverrisd\u00f3ttir (Island)<br \/>\n<a href=\"mailto:hafdissirry@gmail.com\" target=\"_blank\" rel=\"noopener\">hafdissirry@gmail.com<\/a><\/p>\n<p>&nbsp;<\/p>\n<p><a href=\"http:\/\/stimulastik.dk\/wp-content\/uploads\/2014\/01\/1-881.jpg\"><img loading=\"lazy\" class=\"alignnone size-full wp-image-75\" src=\"http:\/\/stimulastik.dk\/wp-content\/uploads\/2014\/01\/1-881.jpg\" alt=\"1-88\" width=\"900\" height=\"650\" srcset=\"https:\/\/stimulastik.dk\/wp-content\/uploads\/2014\/01\/1-881.jpg 900w, https:\/\/stimulastik.dk\/wp-content\/uploads\/2014\/01\/1-881-300x216.jpg 300w, https:\/\/stimulastik.dk\/wp-content\/uploads\/2014\/01\/1-881-624x450.jpg 624w\" sizes=\"(max-width: 900px) 100vw, 900px\" \/><\/a><\/p>\n","protected":false},"excerpt":{"rendered":"<p>Formand: Solvej Darr\u00e9 solvej@stimulastik.com www.stimulastik.com Kasserer: Natasha Aabjerg Andersson natasha_aa_k@hotmail.com Sekret\u00e6r: Bestyrelsesmedlem:\u00a0Julie Wolf Broge julie@stimulastik.dk www.sense-of-play.dk Bestyrelsesmedlem: Sara Jils\u00f8 (Gr\u00f8nland)&hellip;<\/p>\n","protected":false},"author":2,"featured_media":0,"parent":0,"menu_order":0,"comment_status":"closed","ping_status":"closed","template":"","meta":{"_expiration-date-status":"","_expiration-date":0,"_expiration-date-type":"","_expiration-date-categories":[],"_expiration-date-options":[]},"acf":[],"_links":{"self":[{"href":"https:\/\/stimulastik.dk\/index.php?rest_route=\/wp\/v2\/pages\/13"}],"collection":[{"href":"https:\/\/stimulastik.dk\/index.php?rest_route=\/wp\/v2\/pages"}],"about":[{"href":"https:\/\/stimulastik.dk\/index.php?rest_route=\/wp\/v2\/types\/page"}],"author":[{"embeddable":true,"href":"https:\/\/stimulastik.dk\/index.php?rest_route=\/wp\/v2\/users\/2"}],"replies":[{"embeddable":true,"href":"https:\/\/stimulastik.dk\/index.php?rest_route=%2Fwp%2Fv2%2Fcomments&post=13"}],"version-history":[{"count":16,"href":"https:\/\/stimulastik.dk\/index.php?rest_route=\/wp\/v2\/pages\/13\/revisions"}],"predecessor-version":[{"id":329,"href":"https:\/\/stimulastik.dk\/index.php?rest_route=\/wp\/v2\/pages\/13\/revisions\/329"}],"wp:attachment":[{"href":"https:\/\/stimulastik.dk\/index.php?rest_route=%2Fwp%2Fv2%2Fmedia&parent=13"}],"curies":[{"name":"wp","href":"https:\/\/api.w.org\/{rel}","templated":true}]}}