{"id":2,"date":"2014-01-24T12:31:51","date_gmt":"2014-01-24T12:31:51","guid":{"rendered":"http:\/\/stimulastik.dk\/wordpress\/?page_id=2"},"modified":"2020-08-10T20:05:32","modified_gmt":"2020-08-10T20:05:32","slug":"eksempel-side","status":"publish","type":"page","link":"https:\/\/stimulastik.dk\/","title":{"rendered":"Stimulastik\u00ae \u2013 gymnastik og stimulation til sp\u00e6db\u00f8rn"},"content":{"rendered":"<p>Stimulastik\u00ae er et&nbsp;ergoterapeutisk og&nbsp;varem\u00e6rkeregistreret&nbsp;koncept, som handler om stimulation og gymnastik for sp\u00e6db\u00f8rn, hvor b\u00f8rn, for\u00e6ldre og bev\u00e6gelsesgl\u00e6de er i fokus.<br \/>\nKonceptet er udviklet af ergoterapeuter til 0-1-\u00e5rige b\u00f8rn.<br \/>\nStimulastik foreg\u00e5r p\u00e5 sm\u00e5 hold, hvor for\u00e6ldrene er aktive sammen med deres b\u00f8rn, og hvor ergoterapeuten giver id\u00e9er til stimulation af barnet gennem leg.<\/p>\n<div><\/div>\n<div><strong>Stimulastik best\u00e5r af:<br \/>\n<\/strong><\/div>\n<div><strong><em><br \/>\n<\/em><\/strong><\/p>\n<ul>\n<li><strong><em>En r\u00e6kke lege<\/em><\/strong>, som styrker barnets sansemotorik, og som er overkommelige og enkle at udf\u00f8re med barnet. De kan nemt<br \/>\nudf\u00f8res hjemme for at underst\u00f8tte og fremme barnets udvikling<\/li>\n<li><strong><em>Ergoterapeutens viden<\/em><\/strong>&nbsp;om neurologi, udviklingspsykologi, sansning, adf\u00e6rd, sprog og kontakt giver hende mulighed for at vejlede for\u00e6ldrene om barnets nuv\u00e6rende og n\u00e6ste udviklingszone og om hvilke aktiviteter, der vil v\u00e6re gode for det enkelte barn<\/li>\n<li><strong><em>Mange forskellige ergoterapeutiske redskaber og teknikker<\/em><\/strong>&nbsp;til at stimulere de 3 basale sanser: balancesansen, muskel-ledsansen og ber\u00f8ringssansen<\/li>\n<\/ul>\n<\/div>\n<p>I Stimulastik benytter instrukt\u00f8ren sin ergoterapeutiske viden til at tr\u00e6ne og stimulere b\u00f8rn med normal udvikling i deres nuv\u00e6rende og n\u00e6ste udviklingszone.<br \/>\nHun benytter sin viden om sansebearbejdning, hjernens udvikling, leg og aktivitet til at stimulere og motivere barnet og give det gl\u00e6de ved at v\u00e6re aktivt. Desuden benytter instrukt\u00f8ren sin ergoterapeutiske viden om s\u00e5vel sundhedsfremme som omgivelsernes betydning, til at vejlede for\u00e6ldrene i, hvordan de udnytter dagligdags aktiviteter til at stimulere barnet.<\/p>\n<p><img loading=\"lazy\" class=\"alignnone wp-image-49\" src=\"http:\/\/stimulastik.dk\/wp-content\/uploads\/2014\/01\/stimulastik-forside.jpg\" alt=\"stimulastik-forside\" width=\"900\" height=\"241\" srcset=\"https:\/\/stimulastik.dk\/wp-content\/uploads\/2014\/01\/stimulastik-forside.jpg 900w, https:\/\/stimulastik.dk\/wp-content\/uploads\/2014\/01\/stimulastik-forside-300x80.jpg 300w, https:\/\/stimulastik.dk\/wp-content\/uploads\/2014\/01\/stimulastik-forside-624x167.jpg 624w\" sizes=\"(max-width: 900px) 100vw, 900px\" \/><\/p>\n<p>Alle 0-1-\u00e5rige b\u00f8rn og deres for\u00e6ldre kan have gl\u00e6de af Stimulastik.<br \/>\nStimulastik har desuden en positiv effekt p\u00e5 den sansemotoriske udvikling hos f.eks. motorisk usikre b\u00f8rn, b\u00f8rn der er f\u00f8dt for tidligt, sansesarte b\u00f8rn, b\u00f8rn der er meget urolige eller b\u00f8rn med \u00f8reproblemer. Visse steder i Danmark findes hold for de 1-3-\u00e5rige.<br \/>\nGennem Stimulastik \u00f8ger barnet sin bev\u00e6gegl\u00e6de og kropslige erfaring og samtidigt bliver for\u00e6ldrene mere opm\u00e6rksomme p\u00e5 barnets udvikling.<\/p>\n","protected":false},"excerpt":{"rendered":"<p>Stimulastik\u00ae er et&nbsp;ergoterapeutisk og&nbsp;varem\u00e6rkeregistreret&nbsp;koncept, som handler om stimulation og gymnastik for sp\u00e6db\u00f8rn, hvor b\u00f8rn, for\u00e6ldre og bev\u00e6gelsesgl\u00e6de er i fokus.&hellip;<\/p>\n","protected":false},"author":2,"featured_media":0,"parent":0,"menu_order":0,"comment_status":"closed","ping_status":"closed","template":"","meta":{"_expiration-date-status":"saved","_expiration-date":0,"_expiration-date-type":"","_expiration-date-categories":[],"_expiration-date-options":[]},"acf":[],"_links":{"self":[{"href":"https:\/\/stimulastik.dk\/index.php?rest_route=\/wp\/v2\/pages\/2"}],"collection":[{"href":"https:\/\/stimulastik.dk\/index.php?rest_route=\/wp\/v2\/pages"}],"about":[{"href":"https:\/\/stimulastik.dk\/index.php?rest_route=\/wp\/v2\/types\/page"}],"author":[{"embeddable":true,"href":"https:\/\/stimulastik.dk\/index.php?rest_route=\/wp\/v2\/users\/2"}],"replies":[{"embeddable":true,"href":"https:\/\/stimulastik.dk\/index.php?rest_route=%2Fwp%2Fv2%2Fcomments&post=2"}],"version-history":[{"count":17,"href":"https:\/\/stimulastik.dk\/index.php?rest_route=\/wp\/v2\/pages\/2\/revisions"}],"predecessor-version":[{"id":384,"href":"https:\/\/stimulastik.dk\/index.php?rest_route=\/wp\/v2\/pages\/2\/revisions\/384"}],"wp:attachment":[{"href":"https:\/\/stimulastik.dk\/index.php?rest_route=%2Fwp%2Fv2%2Fmedia&parent=2"}],"curies":[{"name":"wp","href":"https:\/\/api.w.org\/{rel}","templated":true}]}}