{"id":399,"date":"2020-08-24T09:03:06","date_gmt":"2020-08-24T09:03:06","guid":{"rendered":"http:\/\/stimulastik.dk\/?page_id=399"},"modified":"2022-10-19T05:36:24","modified_gmt":"2022-10-19T05:36:24","slug":"midtjylland-fyn","status":"publish","type":"page","link":"https:\/\/stimulastik.dk\/?page_id=399","title":{"rendered":"Midtjylland\/Fyn"},"content":{"rendered":"\n<figure class=\"wp-block-table is-style-stripes\"><table><thead><tr><th>Adresse<\/th><th>Beskrivelse<\/th><th>Kontaktinfo<\/th><\/tr><\/thead><tbody><tr><td>Hos Granli Velv\u00e6re, salen.<br>N\u00f8rskovlundvej 22, 8620 Kjellerup<\/td><td>Med sjove lege og \u00f8velser, har Stimulastik\u00ae fokus p\u00e5 at underst\u00f8tte dit barns naturlige motoriske udvikling, kognition og jeres gode relation, der<br>er vigtige grundpiller for senere optimal udvikling af bl.a. koncentration, l\u00e6sef\u00e6rdigheder og trivsel.<br>Vi gennemg\u00e5r forskellige temaer indenfor barnets motoriske udvikling, og bygger 1-2 nye \u00f8velser p\u00e5 hver gang, som i for\u00e6ldre kan forts\u00e6tte med sammen med barnet hjemme.<br>Stimulastikgrupperne er alderesopdelte fra 3-6 m\u00e5neder og 7-10 m\u00e5neder, g\u00e5r over 5 gange \u00e1 1 time og udf\u00f8res af ergoterapeut og stimulastikinstrukt\u00f8r Lene Kors\u00e5sen.<\/td><td>Lene Kors\u00e5sen<br>granli.velvaere@gmail.com<br>53 43 33 07<br>www.granlivelvaere.dk <\/td><\/tr><tr><td><strong>Ringe<\/strong><br>GJ Motorik<br>Stationsvej 8 A<br>5750 Ringe<\/td><td>B\u00f8rnemotorik til b\u00f8rn fra 3 mdr. &#8211; 10 mdr.<br>Leg med dit barn og l\u00e6r om sansernes og motorikkens betydning for dit barns udvikling. 5 gang \u00e1 fem kvarter inklusiv et lille motorikkursus.<br>B\u00f8rnemotorik til b\u00f8rn fra 10 mdr. &#8211; 2\u00bd \u00e5r.<br>Leg med dit barn p\u00e5 sm\u00e5 sanseredskaber og st\u00f8t dit barns motoriske udvikling. I f\u00e5r masser af sjove oplevelser sammen. &#8211; 10 gange \u00e1 1 time.<br>L\u00e6s mere om holdene p\u00e5 https:\/\/www.gjmotorik.dk\/boernemotorik\/ eller ring p\u00e5 40 84 94 97<br>GJ Motorik tilbyder ogs\u00e5 individuel tr\u00e6ning til b\u00f8rn, som er udfordret i dagligdag og skolegangen p\u00e5 forskellig vis. L\u00e6s mere p\u00e5 www.gjmotorik.dk eller ring p\u00e5 40 84 94 97.<\/td><td>Gitte Susan Jensen <br><a rel=\"noreferrer noopener\" href=\"mailto:info@gjmotorik.dk\" target=\"_blank\">info@gjmotorik.dk<\/a><br>tlf. nr. 40 84 94 97<br><a href=\"https:\/\/www.gjmotorik.dk\/\" target=\"_blank\" rel=\"noreferrer noopener\">www.gjmotorik.dk<\/a><\/td><\/tr><tr><td>Esbjerg \u00d8 <br>Jerne Sundhedshus Jagtvej 47 <br>6705 Esbjerg \u00d8.<\/td><td>Stimulastik, Stimulerende gymnastik 0-12 m\u00e5neder Stimulastik hj\u00e6lper b\u00f8rn gennem bev\u00e6gelse og brug af deres sanser. Et barn der er velstimuleret er rolige, tilfredse og sover godt. Stimulastik hj\u00e6lper udviklingen af dit barn og giver en mulighed for at g\u00f8re noget specielt sammen med barnet. Kurset her vil ogs\u00e5 give Jer, som for\u00e6ldre, forskellige bev\u00e6gelser som I kan g\u00f8re derhjemme. Musik, bev\u00e6gelse og gode grin! Kom og v\u00e6r med til stimulastik<\/td><td>Sabina Sundell Schanz<br><a href=\"mailto:ssschanz@gmail.com\" target=\"_blank\" rel=\"noreferrer noopener\">ssschanz@gmail.com<\/a><br>tlf. nr. 21 62 71 64<\/td><\/tr><tr><td><\/td><td><\/td><td><\/td><\/tr><\/tbody><\/table><\/figure>\n\n\n\n<p><\/p>\n","protected":false},"excerpt":{"rendered":"<p>Adresse Beskrivelse Kontaktinfo Hos Granli Velv\u00e6re, salen.N\u00f8rskovlundvej 22, 8620 Kjellerup Med sjove lege og \u00f8velser, har Stimulastik\u00ae fokus p\u00e5 at&hellip;<\/p>\n","protected":false},"author":2,"featured_media":0,"parent":0,"menu_order":0,"comment_status":"closed","ping_status":"closed","template":"","meta":{"_expiration-date-status":"","_expiration-date":1666150201,"_expiration-date-type":"draft","_expiration-date-categories":[],"_expiration-date-options":[]},"acf":[],"_links":{"self":[{"href":"https:\/\/stimulastik.dk\/index.php?rest_route=\/wp\/v2\/pages\/399"}],"collection":[{"href":"https:\/\/stimulastik.dk\/index.php?rest_route=\/wp\/v2\/pages"}],"about":[{"href":"https:\/\/stimulastik.dk\/index.php?rest_route=\/wp\/v2\/types\/page"}],"author":[{"embeddable":true,"href":"https:\/\/stimulastik.dk\/index.php?rest_route=\/wp\/v2\/users\/2"}],"replies":[{"embeddable":true,"href":"https:\/\/stimulastik.dk\/index.php?rest_route=%2Fwp%2Fv2%2Fcomments&post=399"}],"version-history":[{"count":7,"href":"https:\/\/stimulastik.dk\/index.php?rest_route=\/wp\/v2\/pages\/399\/revisions"}],"predecessor-version":[{"id":462,"href":"https:\/\/stimulastik.dk\/index.php?rest_route=\/wp\/v2\/pages\/399\/revisions\/462"}],"wp:attachment":[{"href":"https:\/\/stimulastik.dk\/index.php?rest_route=%2Fwp%2Fv2%2Fmedia&parent=399"}],"curies":[{"name":"wp","href":"https:\/\/api.w.org\/{rel}","templated":true}]}}