{"id":401,"date":"2020-08-24T09:03:51","date_gmt":"2020-08-24T09:03:51","guid":{"rendered":"http:\/\/stimulastik.dk\/?page_id=401"},"modified":"2021-02-12T08:35:48","modified_gmt":"2021-02-12T08:35:48","slug":"soenderjylland","status":"publish","type":"page","link":"https:\/\/stimulastik.dk\/?page_id=401","title":{"rendered":"S\u00f8nderjylland"},"content":{"rendered":"\n<p>Her visers de instrukt\u00f8rer, der pt. har hold i S\u00f8nderjylland. <\/p>\n\n\n\n<figure class=\"wp-block-table\"><table><thead><tr><th>Adresse<\/th><th>Beskrivelse<\/th><th>Kontakt info<\/th><\/tr><\/thead><tbody><tr><td><strong>R\u00f8dekro<\/strong><br>M\u00e5gevej 7<br>6230 R\u00f8dekro<\/td><td>Stimulastikhold 2-10 mdr.<br>Motorikhold 10-24 mdr.<br>Babymassage p\u00e5 hold eller individuelt, i Ergo-Huset eller privat samt i m\u00f8dregrupper.<br>Sansemotorisk tr\u00e6ning.<\/td><td>\u00c5se Thomsen<br>ergo-huset@outlook.dk<br>tlf. nr. 31 15 13 55<br><a rel=\"noreferrer noopener\" href=\"http:\/\/www.ergo-huset.dk\" target=\"_blank\">www.ergo-huset.dk<\/a><\/td><\/tr><tr><td><br><br><br><br><\/td><td><\/td><td><br><br><br><br><\/td><\/tr><tr><td>\ufeff<\/td><td>\ufeff<\/td><td>\ufeff<\/td><\/tr><\/tbody><\/table><\/figure>\n","protected":false},"excerpt":{"rendered":"<p>Her visers de instrukt\u00f8rer, der pt. har hold i S\u00f8nderjylland. Adresse Beskrivelse Kontakt info R\u00f8dekroM\u00e5gevej 76230 R\u00f8dekro Stimulastikhold 2-10 mdr.Motorikhold&hellip;<\/p>\n","protected":false},"author":2,"featured_media":0,"parent":0,"menu_order":0,"comment_status":"closed","ping_status":"closed","template":"","meta":{"_expiration-date-status":"saved","_expiration-date":0,"_expiration-date-type":"","_expiration-date-categories":[],"_expiration-date-options":[]},"acf":[],"_links":{"self":[{"href":"https:\/\/stimulastik.dk\/index.php?rest_route=\/wp\/v2\/pages\/401"}],"collection":[{"href":"https:\/\/stimulastik.dk\/index.php?rest_route=\/wp\/v2\/pages"}],"about":[{"href":"https:\/\/stimulastik.dk\/index.php?rest_route=\/wp\/v2\/types\/page"}],"author":[{"embeddable":true,"href":"https:\/\/stimulastik.dk\/index.php?rest_route=\/wp\/v2\/users\/2"}],"replies":[{"embeddable":true,"href":"https:\/\/stimulastik.dk\/index.php?rest_route=%2Fwp%2Fv2%2Fcomments&post=401"}],"version-history":[{"count":3,"href":"https:\/\/stimulastik.dk\/index.php?rest_route=\/wp\/v2\/pages\/401\/revisions"}],"predecessor-version":[{"id":439,"href":"https:\/\/stimulastik.dk\/index.php?rest_route=\/wp\/v2\/pages\/401\/revisions\/439"}],"wp:attachment":[{"href":"https:\/\/stimulastik.dk\/index.php?rest_route=%2Fwp%2Fv2%2Fmedia&parent=401"}],"curies":[{"name":"wp","href":"https:\/\/api.w.org\/{rel}","templated":true}]}}