{"id":405,"date":"2020-08-24T09:04:47","date_gmt":"2020-08-24T09:04:47","guid":{"rendered":"http:\/\/stimulastik.dk\/?page_id=405"},"modified":"2024-05-31T10:12:36","modified_gmt":"2024-05-31T10:12:36","slug":"koebenhavn","status":"publish","type":"page","link":"https:\/\/stimulastik.dk\/?page_id=405","title":{"rendered":"K\u00f8benhavn"},"content":{"rendered":"\n<p><\/p>\n\n\n\n<figure class=\"wp-block-table is-style-stripes\"><table><thead><tr><th>Adresse<\/th><th>Beskrivelse<\/th><th>Kontakt info<\/th><\/tr><\/thead><tbody><tr><td><strong>N\u00f8rrebro K\u00f8benhavn<\/strong><br>M2 Tango<br>Kapelvej 46C, 2. sal<br>2200 K\u00f8benhavn N<\/td><td>Stimulastik for babyer 2 &#8211; 12 mdr. og deres for\u00e6ldre<br>Hver tirsdag kl. 11 og kl. 12<br>Frit valg mellem begge hold<br>Tilmelding <a rel=\"noreferrer noopener\" href=\"http:\/\/ergoelse.dk\/stimulastik\" target=\"_blank\">ergoelse.dk\/stimulastik<\/a><\/td><td>Else Westermann<br><a rel=\"noreferrer noopener\" href=\"mailto:info@ergoelse.dk\" target=\"_blank\">info@ergoelse.dk<\/a><br><br><\/td><\/tr><tr><td><br><br><br><br><\/td><td><\/td><td><br><br><br><br><\/td><\/tr><tr><td>\ufeff<\/td><td>\ufeff<\/td><td>\ufeff<\/td><\/tr><\/tbody><\/table><\/figure>\n","protected":false},"excerpt":{"rendered":"<p>Adresse Beskrivelse Kontakt info N\u00f8rrebro K\u00f8benhavnM2 TangoKapelvej 46C, 2. sal2200 K\u00f8benhavn N Stimulastik for babyer 2 &#8211; 12 mdr. og&hellip;<\/p>\n","protected":false},"author":2,"featured_media":0,"parent":0,"menu_order":0,"comment_status":"closed","ping_status":"closed","template":"","meta":{"_expiration-date-status":"","_expiration-date":1665561957,"_expiration-date-type":"draft","_expiration-date-categories":[],"_expiration-date-options":[]},"acf":[],"_links":{"self":[{"href":"https:\/\/stimulastik.dk\/index.php?rest_route=\/wp\/v2\/pages\/405"}],"collection":[{"href":"https:\/\/stimulastik.dk\/index.php?rest_route=\/wp\/v2\/pages"}],"about":[{"href":"https:\/\/stimulastik.dk\/index.php?rest_route=\/wp\/v2\/types\/page"}],"author":[{"embeddable":true,"href":"https:\/\/stimulastik.dk\/index.php?rest_route=\/wp\/v2\/users\/2"}],"replies":[{"embeddable":true,"href":"https:\/\/stimulastik.dk\/index.php?rest_route=%2Fwp%2Fv2%2Fcomments&post=405"}],"version-history":[{"count":6,"href":"https:\/\/stimulastik.dk\/index.php?rest_route=\/wp\/v2\/pages\/405\/revisions"}],"predecessor-version":[{"id":467,"href":"https:\/\/stimulastik.dk\/index.php?rest_route=\/wp\/v2\/pages\/405\/revisions\/467"}],"wp:attachment":[{"href":"https:\/\/stimulastik.dk\/index.php?rest_route=%2Fwp%2Fv2%2Fmedia&parent=405"}],"curies":[{"name":"wp","href":"https:\/\/api.w.org\/{rel}","templated":true}]}}