{"id":9,"date":"2014-01-27T08:32:22","date_gmt":"2014-01-27T08:32:22","guid":{"rendered":"http:\/\/stimulastik.dk\/wordpress\/?page_id=9"},"modified":"2019-02-04T12:59:01","modified_gmt":"2019-02-04T12:59:01","slug":"foraeldre-fortaeller","status":"publish","type":"page","link":"https:\/\/stimulastik.dk\/?page_id=9","title":{"rendered":"FOR\u00c6LDRE FORT\u00c6LLER"},"content":{"rendered":"<p>&nbsp;<\/p>\n<p><a href=\"http:\/\/stimulastik.dk\/wp-content\/uploads\/2014\/01\/stimulastik4.jpg\"><img loading=\"lazy\" class=\"alignnone size-full wp-image-53\" src=\"http:\/\/stimulastik.dk\/wp-content\/uploads\/2014\/01\/stimulastik4.jpg\" alt=\"stimulastik4\" width=\"720\" height=\"150\" srcset=\"https:\/\/stimulastik.dk\/wp-content\/uploads\/2014\/01\/stimulastik4.jpg 720w, https:\/\/stimulastik.dk\/wp-content\/uploads\/2014\/01\/stimulastik4-300x62.jpg 300w, https:\/\/stimulastik.dk\/wp-content\/uploads\/2014\/01\/stimulastik4-624x130.jpg 624w\" sizes=\"(max-width: 720px) 100vw, 720px\" \/><\/a><\/p>\n<p><strong>Et lille indslag fra 2 glade brugere, mor og datter, vedr. stimulastik 0-12 mdr.<\/strong><br \/>\nMin datter Sofie var ca. 8 mdr. da vi startede til stimulastik hos Solvej f\u00f8rste gang i maj mdr. og igen i august, hvor Sofie s\u00e5 n\u00e6sten var 11 m\u00e5neder. Sofie er f\u00f8dt 8 uger for tidligt \u2013 s\u00e5 det var en udfordring at komme hjemmefra og afsted til stimulastik \u2013 som jeg i\u00f8vrigt aldrig havde h\u00f8rt noget om f\u00f8r ! Men det skulle heldigvis vise sig at blive en meget positiv oplevelse. Vi starter med en hyggelig opvarmning i ca. 15 min, hvor b\u00f8rnene bliver &#8220;r\u00f8rt&#8221; igennem til noget rigtig hyggelig b\u00f8rnemusik. Derefter er der tid til at lege med forskellige redskaber, og Sofie var ikke s\u00e5 begejstret for alle redskaberne de f\u00f8rste gange, men det kom stille og roligt, og efter vi havde v\u00e6ret der 2-3 gange, var hun allerede mere tryg. Efter 5 gange kunne og ville hun det hele, og vi var meget kede af at skulle stoppe, s\u00e5 derfor meldte jeg os p\u00e5 igen i august. Og det var en helt anden Sofie, der d\u00e9r startede. Nu var hun p\u00e5 &#8220;hjemmebane&#8221;, og s\u00e5 kunne det ikke blive &#8220;vildt&#8221; nok. Hun var da n\u00e6sten ogs\u00e5 11 m\u00e5neder, og der var enkelte ting hun ikke gad i opvarmningen, men s\u00e5 kiggede hun bare p\u00e5 de andre, og greb fat i noget leget\u00f8j, indtil det var tid til redskaberne.<\/p>\n<p><a href=\"http:\/\/stimulastik.dk\/wp-content\/uploads\/2014\/01\/stimulastik1.jpg\"><img loading=\"lazy\" class=\"alignnone size-full wp-image-54\" src=\"http:\/\/stimulastik.dk\/wp-content\/uploads\/2014\/01\/stimulastik1.jpg\" alt=\"stimulastik1\" width=\"720\" height=\"150\" srcset=\"https:\/\/stimulastik.dk\/wp-content\/uploads\/2014\/01\/stimulastik1.jpg 720w, https:\/\/stimulastik.dk\/wp-content\/uploads\/2014\/01\/stimulastik1-300x62.jpg 300w, https:\/\/stimulastik.dk\/wp-content\/uploads\/2014\/01\/stimulastik1-624x130.jpg 624w\" sizes=\"(max-width: 720px) 100vw, 720px\" \/><\/a><\/p>\n<p><strong>Jeg er super glad for, at vi valgte at g\u00e5 til stimulastik hos Solvej.<\/strong> Jeg tror, det har gjort Sofie st\u00e6rkere og mere modig p\u00e5 livet, da for tidligt f\u00f8dte ofte har sv\u00e6rt ved at v\u00e6re i rum med mange, og hvor der er st\u00f8j og uro omkring dem \u2013 men det har jeg ikke oplevet efterf\u00f8lgende med Sofie. Hun er en st\u00e6rk og glad lille \u00e9n, der heldigvis ikke har m\u00e9n efter at v\u00e6re f\u00f8dt for tidligt. Og jeg tror at stimulastik har v\u00e6ret en god hj\u00e6lp p\u00e5 hendes vej. Stor tak til Solvej, der altid har v\u00e6ret s\u00f8d og hj\u00e6lpsom. Jeg kan varmt anbefale stimulastik til andre \ud83d\ude42<\/p>\n<p>Mange hilsner<br \/>\nSofie og Mie Pedersen \ud83d\ude42<\/p>\n<p><a href=\"http:\/\/stimulastik.dk\/wp-content\/uploads\/2014\/01\/stimulastik2.jpg\"><img loading=\"lazy\" class=\"alignnone size-full wp-image-55\" src=\"http:\/\/stimulastik.dk\/wp-content\/uploads\/2014\/01\/stimulastik2.jpg\" alt=\"stimulastik2\" width=\"720\" height=\"150\" srcset=\"https:\/\/stimulastik.dk\/wp-content\/uploads\/2014\/01\/stimulastik2.jpg 720w, https:\/\/stimulastik.dk\/wp-content\/uploads\/2014\/01\/stimulastik2-300x62.jpg 300w, https:\/\/stimulastik.dk\/wp-content\/uploads\/2014\/01\/stimulastik2-624x130.jpg 624w\" sizes=\"(max-width: 720px) 100vw, 720px\" \/><\/a><\/p>\n<p><strong>K\u00e6re Solvej<\/strong><br \/>\nJeg vil bare sige tak for et inspirerende og udbytterigt Stimulastik kursus! For os har deltagelsen gjort en stor forskel, og jeg fik lyst til lige at dele den gode oplevelse med dig! Cornelius har, lige fra han var sp\u00e6d, aldrig v\u00e6ret s\u00e6rligt glad for at ligge p\u00e5 maven og dette kombineret med at han er en stor baby, har nok v\u00e6ret \u00e5rsagen til, at han aldrig har haft lyst til at kaste sig ud i kravleriet.<\/p>\n<p>Jeg havde efterh\u00e5nden n\u00f8dtvungent accepteret, at han nok blev en af de babyer, der sprang kravlefasen over. N\u00f8dtvungent fordi jeg havde h\u00f8rt om en del unders\u00f8gelser, der fastslog, at kravlefasen er ret vigtig for en lang r\u00e6kke senere udviklingstrin. Ved et tilf\u00e6lde fandt jeg din hjemmeside og fik lyst til at se, hvad s\u00e5dan noget stimulastik gik ud p\u00e5, og om det overhovedet var noget for en 10\u00bd m\u00e5neder gammel dreng. Til den f\u00f8rste time viste du mig en \u00f8velse (fr\u00f8en), som jeg skulle tr\u00e6ne med Cornelius. Til min STORE overraskelse begyndte han allerede da du demonstrerede \u00f8velsen at m\u00f8ffe sig fremad p\u00e5 en for mig helt ny m\u00e5de. Og p\u00e5 de fem-seks uger der er g\u00e5et siden vores f\u00f8rste stimulastik-time, har Cornelius nu udviklet sig til at v\u00e6re et endnu gladere barn, der pludselig har f\u00e5et for\u00e6ret en helt ny dimension. Han kravler ikke i s\u00e5dan klassisk forstand, men han tr\u00e6kker sig frem vha armene og er efterh\u00e5nden ogs\u00e5 begyndt at l\u00f8fte numsen mere og mere. Kommer s\u00e5g\u00e5r af og til op p\u00e5 h\u00e6nder og kn\u00e6, s\u00e5 m\u00e5ske han fanger den en dag\u2026<\/p>\n<p>Han m\u00f8ffer nu glad og gerne og l\u00e6nge (af og til \ud83d\ude2e ) rundt p\u00e5 maven og piller i alting og f\u00f8lger efter mor og far rundt i lejligheden. Det er superdejligt at se, ogs\u00e5 selvom det betyder, at intet l\u00e6ngere er helligt &#8211; vi skal i gang med b\u00f8rnesikringen her i den n\u00e6rmeste fremtid \ud83d\ude2e )<\/p>\n<p>Mange hilsener,<br \/>\nKy<\/p>\n<p><a href=\"http:\/\/stimulastik.dk\/wp-content\/uploads\/2014\/01\/stimulastik3.jpg\"><img loading=\"lazy\" class=\"alignnone size-full wp-image-56\" src=\"http:\/\/stimulastik.dk\/wp-content\/uploads\/2014\/01\/stimulastik3.jpg\" alt=\"stimulastik3\" width=\"720\" height=\"150\" srcset=\"https:\/\/stimulastik.dk\/wp-content\/uploads\/2014\/01\/stimulastik3.jpg 720w, https:\/\/stimulastik.dk\/wp-content\/uploads\/2014\/01\/stimulastik3-300x62.jpg 300w, https:\/\/stimulastik.dk\/wp-content\/uploads\/2014\/01\/stimulastik3-624x130.jpg 624w\" sizes=\"(max-width: 720px) 100vw, 720px\" \/><\/a><\/p>\n<p><strong>Hej Solvej<\/strong><\/p>\n<p>Hermed sender jeg dig et par billeder, du er velkommen til at l\u00e6gge dem p\u00e5 nettet el. hvor du nu kunne finde p\u00e5 og bruge dem, har ogs\u00e5 lidt fra babymassagen hvis du ville have det?<\/p>\n<p>Vi siger i hvert fald tusind tak for nogle rigtige hyggelige og l\u00e6rerige timer hos dig de sidste uge. Mads har nydt det og vi vil forts\u00e6tte med det herhjemme.<\/p>\n<p>Jeg vil kun varmt anbefale det til dem jeg kender, synes det er et helt fantastisk tilbud og ikke mindst hyggeligt og v\u00e6re sammen med sit barn p\u00e5.<\/p>\n<p>Jeg gl\u00e6der mig til og kunne starte til stimulastik n\u00e5r han n\u00e6rmer sig 1 \u00e5rs alderen, h\u00e5ber s\u00e5 bare det vil passe ind i mine arbejdstider\u2026<\/p>\n<p>Mange hilsner fra<br \/>\nMads og Heidi<\/p>\n<p>&nbsp;<\/p>\n<p><strong>Jeg er glad for jeg valgte og g\u00e5 til stimulastik med Luna igen.<\/strong><\/p>\n<p>1.gang var, da Luna var 3 mdr., hun skulle lige se tingene an, s\u00e5dan er Luna, men der gik ikke l\u00e6nge f\u00f8r hun var glad for det.<\/p>\n<p>2.gang var Luna 6 mdr., og hun er stadig meget glad for det, faktisk mere, da hun nu er mere aktiv og forst\u00e5r tingene bedre.<\/p>\n<p>Men ville ikke have undv\u00e6ret 1.gang for det har hjulpet hende motorisk til og komme dertil hvor hun er idag, og hun hygger sig med de andre b\u00f8rn.&#8221;<\/p>\n<p>\ud83d\ude42 Luna og Lene \ud83d\ude42<\/p>\n<p>&nbsp;<\/p>\n<p><strong>Til stimulastik med en for tidligt f\u00f8dt<\/strong><\/p>\n<p>Som mor til en for tidligt f\u00f8dt, kan det have sine udfordringer at stimulere sit barn, uden at overstimulere det, og derfor var det med bange anelser da jeg tilmeldte Frederik f\u00f8dt ti uger for tidligt til stimulastik, men omvendt kunne jeg ogs\u00e5 m\u00e6rke p\u00e5 min dreng, at jeg m\u00e5ske havde pakket ham lidt for meget ind i vat, og han efterh\u00e5nden manglede lidt udfordringer.<\/p>\n<p>Da Frederik var 4 m\u00e5neder gammel (reguleret alder 1\u00bd m\u00e5ned) startede vi til stimulastik, jeg havde forinden sikret mig, at der var plads til, at vi kunne tr\u00e6kke os tilbage, s\u00e5fremt jeg kunne se p\u00e5 Frederik, at han blev overstimuleret, hvilket der blev taget hensyn til.<\/p>\n<p>Den f\u00f8rste gang var vi n\u00e6rmest fluer p\u00e5 v\u00e6ggen, og betragtede prim\u00e6rt omgivelserne, og de nye indtryk, og deltog kun ganske lidt, men Frederik tog det p\u00e6nt, og jeg t\u00f8rrede sveden af panden, da der ikke kom nogen efterreaktion.<\/p>\n<p>Den efterf\u00f8lgende gang deltog vi mere i aktiviteterne, og der var ingen tvivl om, at Frederik n\u00f8d det i fulde drag, specielt sanglegene og sansegyngen var store hits.<\/p>\n<p>Sidenhen er det blevet en st\u00f8rre og st\u00f8rre forn\u00f8jelse for hver gang vi tager af sted, Frederik deltager gladelig i aktiviteterne, og er blevet rigtig god til at sige fra med det samme, s\u00e5fremt det ikke passer ham, hvilket jo er sk\u00f8nt som mor, da man s\u00e5 har en chance for at handle p\u00e5 det med det samme, og p\u00e5 den m\u00e5de undg\u00e5 de sene efterreaktioner. Derudover er ingen tvivl om, at stimulastikken har medvirket, at Frederik i dag meget bedre kan h\u00e5ndtere flere mennesker i samme rum, hvor han f\u00f8rhen blev meget ked af det. Han er generelt blevet en meget gladere og udadvendt dreng, og s\u00e5 er det jo sk\u00f8nt at f\u00e5 en masse inspiration man kan tage med hjem.<\/p>\n<p>Vi gl\u00e6der os meget til at starte til stimulastik igen efter sommerferien.<\/p>\n","protected":false},"excerpt":{"rendered":"<p>&nbsp; Et lille indslag fra 2 glade brugere, mor og datter, vedr. stimulastik 0-12 mdr. Min datter Sofie var ca.&hellip;<\/p>\n","protected":false},"author":2,"featured_media":0,"parent":0,"menu_order":0,"comment_status":"closed","ping_status":"closed","template":"","meta":{"_expiration-date-status":"","_expiration-date":0,"_expiration-date-type":"","_expiration-date-categories":[],"_expiration-date-options":[]},"acf":[],"_links":{"self":[{"href":"https:\/\/stimulastik.dk\/index.php?rest_route=\/wp\/v2\/pages\/9"}],"collection":[{"href":"https:\/\/stimulastik.dk\/index.php?rest_route=\/wp\/v2\/pages"}],"about":[{"href":"https:\/\/stimulastik.dk\/index.php?rest_route=\/wp\/v2\/types\/page"}],"author":[{"embeddable":true,"href":"https:\/\/stimulastik.dk\/index.php?rest_route=\/wp\/v2\/users\/2"}],"replies":[{"embeddable":true,"href":"https:\/\/stimulastik.dk\/index.php?rest_route=%2Fwp%2Fv2%2Fcomments&post=9"}],"version-history":[{"count":5,"href":"https:\/\/stimulastik.dk\/index.php?rest_route=\/wp\/v2\/pages\/9\/revisions"}],"predecessor-version":[{"id":293,"href":"https:\/\/stimulastik.dk\/index.php?rest_route=\/wp\/v2\/pages\/9\/revisions\/293"}],"wp:attachment":[{"href":"https:\/\/stimulastik.dk\/index.php?rest_route=%2Fwp%2Fv2%2Fmedia&parent=9"}],"curies":[{"name":"wp","href":"https:\/\/api.w.org\/{rel}","templated":true}]}}